{"id":13192,"date":"2022-03-08T23:33:18","date_gmt":"2022-03-08T23:33:18","guid":{"rendered":"https:\/\/www.monteigueldo.com\/escapade-a-donostia-saint-sebastien-hotel-avec-vue-sur-la-baie-de-la-concha\/"},"modified":"2024-10-23T00:08:27","modified_gmt":"2024-10-23T00:08:27","slug":"escapade-a-hotel-de-saint-sebastien-donostia-avec-vue-sur-la-baie-de-la-concha","status":"publish","type":"page","link":"https:\/\/www.monteigueldo.com\/fr\/escapade-a-hotel-de-saint-sebastien-donostia-avec-vue-sur-la-baie-de-la-concha\/","title":{"rendered":"Escapade \u00e0 Saint-S\u00e9bastien Donostia &#8211; H\u00f4tel avec vue sur la baie de La Concha"},"content":{"rendered":"\n<style type=\"text\/css\" data-created_by=\"avia_inline_auto\" id=\"style-css-av-l0bgg4ti-e773f9c10e30befa456d54d691a60d3f\">\n.avia-section.av-l0bgg4ti-e773f9c10e30befa456d54d691a60d3f .av-parallax .av-parallax-inner{\nbackground-repeat:no-repeat;\nbackground-image:url(https:\/\/www.monteigueldo.com\/wp-content\/uploads\/2022\/03\/parralax-escapadas-san-sebastian-donostia-1500x1100-1.jpg);\nbackground-position:50% 0%;\nbackground-attachment:scroll;\n}\n<\/style>\n<div id='av_section_1'  class='avia-section av-l0bgg4ti-e773f9c10e30befa456d54d691a60d3f main_color avia-section-no-padding avia-no-border-styling  avia-builder-el-0  el_before_av_heading  avia-builder-el-first  hmiparallaxtop avia-full-contain av-parallax-section avia-bg-style-parallax container_wrap sidebar_right'  data-section-bg-repeat='contain'><div class='av-parallax' data-avia-parallax-ratio='0.3' ><div class='av-parallax-inner main_color avia-full-contain'><\/div><\/div><div class='container av-section-cont-open' ><main  role=\"main\" itemprop=\"mainContentOfPage\"  class='template-page content  av-content-small alpha units'><div class='post-entry post-entry-type-page post-entry-13192'><div class='entry-content-wrapper clearfix'><\/div><\/div><\/main><!-- close content main element --><\/div><\/div><div id='after_section_1'  class='main_color av_default_container_wrap container_wrap sidebar_right'  ><div class='container av-section-cont-open' ><div class='template-page content  av-content-small alpha units'><div class='post-entry post-entry-type-page post-entry-13192'><div class='entry-content-wrapper clearfix'>\n\n<style type=\"text\/css\" data-created_by=\"avia_inline_auto\" id=\"style-css-av-4l52kl-fbf0f52ee5e1ef97e29d38771fee6bc1\">\n#top .av-special-heading.av-4l52kl-fbf0f52ee5e1ef97e29d38771fee6bc1{\npadding-bottom:10px;\n}\nbody .av-special-heading.av-4l52kl-fbf0f52ee5e1ef97e29d38771fee6bc1 .av-special-heading-tag .heading-char{\nfont-size:25px;\n}\n.av-special-heading.av-4l52kl-fbf0f52ee5e1ef97e29d38771fee6bc1 .av-subheading{\nfont-size:15px;\n}\n<\/style>\n<div  class='av-special-heading av-4l52kl-fbf0f52ee5e1ef97e29d38771fee6bc1 av-special-heading-h1 blockquote modern-quote modern-centered  avia-builder-el-1  el_after_av_section  el_before_av_textblock  avia-builder-el-first '><h1 class='av-special-heading-tag'  itemprop=\"headline\"  >ESCAPADES<\/h1><div class=\"special-heading-border\"><div class=\"special-heading-inner-border\"><\/div><\/div><\/div>\n<section  class='av_textblock_section av-2vkumd-a646eb3dd0e1159f35e36017dd64345a'  itemscope=\"itemscope\" itemtype=\"https:\/\/schema.org\/CreativeWork\" ><div class='avia_textblock'  itemprop=\"text\" ><p>Il y a des moments sp\u00e9ciaux et les partager avec qui bon<br \/>\nvous semble les rend inoubliables.<\/p>\n<\/div><\/section>\n<section  class='av_textblock_section av-l07rskga-4428f1292bdedc670fd32a755180240b'  itemscope=\"itemscope\" itemtype=\"https:\/\/schema.org\/CreativeWork\" ><div class='avia_textblock'  itemprop=\"text\" ><p class=\"spectral\">Nous avons pr\u00e9par\u00e9 l&rsquo;Escapade <span class=\"spectralbolditalic\">Qu&rsquo;il est bon de vivre<\/span>,<br \/>\ncar dans la vie il y a beaucoup \u00e0 f\u00eater !<\/p>\n<p class=\"spectral\">Elle comprend une nuit en chambre Privil\u00e8ge avec vue sur la Baie,<br \/>\nchampagne, chocolats, fleurs et petit-d\u00e9jeuner pour deux.<\/p>\n<\/div><\/section>\n\n<style type=\"text\/css\" data-created_by=\"avia_inline_auto\" id=\"style-css-av-4q8smi-f799867f38ec3334bf7b10032b80d141\">\n#top .hr.hr-invisible.av-4q8smi-f799867f38ec3334bf7b10032b80d141{\nheight:30px;\n}\n<\/style>\n<div  class='hr av-4q8smi-f799867f38ec3334bf7b10032b80d141 hr-invisible  avia-builder-el-4  el_after_av_textblock  el_before_av_image '><span class='hr-inner '><span class=\"hr-inner-style\"><\/span><\/span><\/div>\n\n<style type=\"text\/css\" data-created_by=\"avia_inline_auto\" id=\"style-css-av-l07slss9-0aaa9e52a869265bc53bf9cebb01dc7a\">\n.avia-image-container.av-l07slss9-0aaa9e52a869265bc53bf9cebb01dc7a .av-image-caption-overlay-center{\ncolor:#ffffff;\n}\n<\/style>\n<div  class='avia-image-container av-l07slss9-0aaa9e52a869265bc53bf9cebb01dc7a av-styling- avia-align-center  avia-builder-el-5  el_after_av_hr  el_before_av_image_hotspot  avia-builder-el-last '  itemprop=\"image\" itemscope=\"itemscope\" itemtype=\"https:\/\/schema.org\/ImageObject\" ><div class=\"avia-image-container-inner\"><div class=\"avia-image-overlay-wrap\"><img class='wp-image-12971 avia-img-lazy-loading-not-12971 avia_image' src=\"https:\/\/www.monteigueldo.com\/wp-content\/uploads\/2022\/03\/foto-escapadas-san-sebastian-donostia-1500x900-1-1030x618.jpg\" alt='' title=''  height=\"618\" width=\"1030\"  itemprop=\"thumbnailUrl\" srcset=\"https:\/\/www.monteigueldo.com\/wp-content\/uploads\/2022\/03\/foto-escapadas-san-sebastian-donostia-1500x900-1-1030x618.jpg 1030w, https:\/\/www.monteigueldo.com\/wp-content\/uploads\/2022\/03\/foto-escapadas-san-sebastian-donostia-1500x900-1-300x180.jpg 300w, https:\/\/www.monteigueldo.com\/wp-content\/uploads\/2022\/03\/foto-escapadas-san-sebastian-donostia-1500x900-1-768x461.jpg 768w, https:\/\/www.monteigueldo.com\/wp-content\/uploads\/2022\/03\/foto-escapadas-san-sebastian-donostia-1500x900-1-705x423.jpg 705w, https:\/\/www.monteigueldo.com\/wp-content\/uploads\/2022\/03\/foto-escapadas-san-sebastian-donostia-1500x900-1.jpg 1500w\" sizes=\"(max-width: 1030px) 100vw, 1030px\" \/><\/div><\/div><\/div>\n<div  class='av-hotspot-image-container av-l0oregih-005104d2b1c34005a965285a5c7cbb5b  avia-builder-el-6  el_after_av_image  el_before_av_section  bordesuperiordoradoescapadas av-hotspot-numbered  av-non-fullwidth-hotspot-image'  itemprop=\"image\" itemscope=\"itemscope\" itemtype=\"https:\/\/schema.org\/ImageObject\" ><div class='av-hotspot-container'><div class='av-hotspot-container-inner-cell'><div class='av-hotspot-container-inner-wrap'><img class='wp-image-12931 avia-img-lazy-loading-not-12931 avia_image' src=\"https:\/\/www.monteigueldo.com\/wp-content\/uploads\/2022\/03\/borde-dorado-degradado_1920x12.png\" alt='' title='borde-dorado-degradado_1920x12'  height=\"12\" width=\"1920\"  itemprop=\"thumbnailUrl\" srcset=\"https:\/\/www.monteigueldo.com\/wp-content\/uploads\/2022\/03\/borde-dorado-degradado_1920x12.png 1920w, https:\/\/www.monteigueldo.com\/wp-content\/uploads\/2022\/03\/borde-dorado-degradado_1920x12-300x2.png 300w, https:\/\/www.monteigueldo.com\/wp-content\/uploads\/2022\/03\/borde-dorado-degradado_1920x12-1030x6.png 1030w, https:\/\/www.monteigueldo.com\/wp-content\/uploads\/2022\/03\/borde-dorado-degradado_1920x12-768x5.png 768w, https:\/\/www.monteigueldo.com\/wp-content\/uploads\/2022\/03\/borde-dorado-degradado_1920x12-1536x10.png 1536w, https:\/\/www.monteigueldo.com\/wp-content\/uploads\/2022\/03\/borde-dorado-degradado_1920x12-1500x9.png 1500w, https:\/\/www.monteigueldo.com\/wp-content\/uploads\/2022\/03\/borde-dorado-degradado_1920x12-705x4.png 705w\" sizes=\"(max-width: 1920px) 100vw, 1920px\" \/><\/div><\/div><\/div><\/div>\n\n<style type=\"text\/css\" data-created_by=\"avia_inline_auto\" id=\"style-css-av-l0fmt23z-ab3c00a96b3688fe81f80f36fbab8d26\">\n.avia-section.av-l0fmt23z-ab3c00a96b3688fe81f80f36fbab8d26{\nbackground-color:#5c7589;\nbackground-image:unset;\nmargin-top:0px;\nmargin-bottom:0px;\n}\n<\/style>\n<div id='formularioescapadas'  class='avia-section av-l0fmt23z-ab3c00a96b3688fe81f80f36fbab8d26 main_color avia-section-no-padding avia-no-border-styling  avia-builder-el-7  el_after_av_image_hotspot  el_before_av_image_hotspot  formularioazulcontainer avia-bg-style-scroll container_wrap sidebar_right'  ><div class='container av-section-cont-open' ><div class='template-page content  av-content-small alpha units'><div class='post-entry post-entry-type-page post-entry-13192'><div class='entry-content-wrapper clearfix'>\n\n<style type=\"text\/css\" data-created_by=\"avia_inline_auto\" id=\"style-css-av-l0hqd3wx-236db6fc556e374eade81ba0ce3c6a61\">\n#top .hr.hr-invisible.av-l0hqd3wx-236db6fc556e374eade81ba0ce3c6a61{\nheight:20px;\n}\n<\/style>\n<div  class='hr av-l0hqd3wx-236db6fc556e374eade81ba0ce3c6a61 hr-invisible  avia-builder-el-8  el_before_av_textblock  avia-builder-el-first '><span class='hr-inner '><span class=\"hr-inner-style\"><\/span><\/span><\/div>\n<section  class='av_textblock_section av-l0fnacz5-cd0512e5b26706f415133cc8893a2c01'  itemscope=\"itemscope\" itemtype=\"https:\/\/schema.org\/CreativeWork\" ><div class='avia_textblock'  itemprop=\"text\" ><p class=\"spectral\">T\u00e9l\u00e9phone : (+34) 943 210 211<\/p>\n<\/div><\/section>\n<section  class='av_textblock_section av-l0iss9d4-a8f42a1a07c6efca29b4a40fc063a02d'  itemscope=\"itemscope\" itemtype=\"https:\/\/schema.org\/CreativeWork\" ><div class='avia_textblock'  itemprop=\"text\" ><p class=\"spectral\">Pour votre commodit\u00e9, vous pouvez effectuer votre r\u00e9servation en ligne.<\/p>\n<\/div><\/section>\n<section  class='av_textblock_section av-l0fnayaf-cadea99fe18fa4827888531eb890880e'  itemscope=\"itemscope\" itemtype=\"https:\/\/schema.org\/CreativeWork\" ><div class='avia_textblock'  itemprop=\"text\" ><p><span class=\"montserratsemibold\">FORMULAIRE DE DEMANDE<\/span><\/p>\n<\/div><\/section>\n<form action=\"https:\/\/www.monteigueldo.com\/fr\/escapade-a-hotel-de-saint-sebastien-donostia-avec-vue-sur-la-baie-de-la-concha\/\" method=\"post\"  class=\"avia_ajax_form av-form-labels-hidden   avia-builder-el-12  el_after_av_textblock  el_before_av_hr  formularioazul  \" data-avia-form-id=\"1\" data-avia-redirect='' ><fieldset><p class='  first_form  form_element form_element_half' id='element_avia_1_1'><label for=\"avia_1_1\">Nom :  <abbr class=\"required\" title=\"requis(e)\">*<\/abbr><\/label> <input name=\"avia_1_1\" class=\"text_input is_empty\" type=\"text\" id=\"avia_1_1\" value=\"\"  placeholder='Nom : *'\/><\/p><p class='  form_element form_element_half' id='element_avia_2_1'><label for=\"avia_2_1\">Pr\u00e9nom :  <abbr class=\"required\" title=\"requis(e)\">*<\/abbr><\/label> <input name=\"avia_2_1\" class=\"text_input is_empty\" type=\"text\" id=\"avia_2_1\" value=\"\"  placeholder='Pr\u00e9nom : *'\/><\/p><p class='  first_form  form_element form_element_third' id='element_avia_3_1'><label for=\"avia_3_1\">T\u00e9l\u00e9phone :  <abbr class=\"required\" title=\"requis(e)\">*<\/abbr><\/label> <input name=\"avia_3_1\" class=\"text_input is_phone\" type=\"text\" id=\"avia_3_1\" value=\"\"  placeholder='T\u00e9l\u00e9phone : *'\/><\/p><p class='  form_element form_element_third' id='element_avia_4_1'><label for=\"avia_4_1\">E-mail :  <abbr class=\"required\" title=\"requis(e)\">*<\/abbr><\/label> <input name=\"avia_4_1\" class=\"text_input is_email\" type=\"text\" id=\"avia_4_1\" value=\"\"  placeholder='E-mail : *'\/><\/p><p class='  form_element form_element_third' id='element_avia_5_1'><label for=\"avia_5_1\">Date :  <abbr class=\"required\" title=\"requis(e)\">*<\/abbr><\/label> <input name=\"avia_5_1\" class=\"avia_datepicker text_input is_empty\" type=\"text\" id=\"avia_5_1\" value=\"\" placeholder=\"Date : *\" \/><\/p><p class='  first_form  form_element form_fullwidth' id='element_avia_6_1'><label for=\"avia_6_1\" class=\"textare_label hidden textare_label_avia_6_1\">Message :  <abbr class=\"required\" title=\"requis(e)\">*<\/abbr><\/label><textarea  placeholder='Message : *' name=\"avia_6_1\" class=\"text_area is_empty\" cols=\"40\" rows=\"7\" id=\"avia_6_1\" ><\/textarea><\/p><p class='  first_form  form_element form_element_half' id='element_avia_7_1'><input  name=\"avia_7_1\" class=\"input_checkbox \" type=\"checkbox\" id=\"avia_7_1\" value=\"true\"\/><label class=\"input_checkbox_label\" for=\"avia_7_1\">OPTION A<\/label><\/p><p class='  form_element form_element_half' id='element_avia_8_1'><input  name=\"avia_8_1\" class=\"input_checkbox \" type=\"checkbox\" id=\"avia_8_1\" value=\"true\"\/><label class=\"input_checkbox_label\" for=\"avia_8_1\">OPTION B<\/label><\/p><div id='avia_9_1' class='av-form-text'><div class=\"opcionescontainer\">\n<div id=\"escapadasopciona\" class=\"columna\">\n<p class=\"montserratsemibold\">OPTION A :<\/p>\n<ul>\n<li>Chambre Premium avec vue panoramique sur la mer et la Baie<\/li>\n<li>Petit-d\u00e9jeuner pour deux personnes<\/li>\n<li>Sp\u00e9cial VIP\u00a0: Champagne, chocolats et fleurs<\/li>\n<\/ul>\n<p id=\"precioa\" class=\"montserratsemibold\">Prix pour deux personnes : 400 \u20ac <span id=\"iva\">(TVA incluse)<\/span><\/p>\n<p id=\"validez\">La validit\u00e9 du bon est d&rsquo;un an \u00e0 compter de la date d&rsquo;achat.<\/p>\n<\/div>\n<div id=\"escapadasopcionb\" class=\"columna\">\n<p class=\"montserratsemibold\" style=\"text-align: left; margin: 0;\">OPTION B :<\/p>\n<ul>\n<li>Chambre Premium avec vue panoramique sur la mer et la Baie<\/li>\n<li>Petit-d\u00e9jeuner pour deux personnes<\/li>\n<li>Sp\u00e9cial VIP\u00a0: Champagne, chocolats et fleurs<\/li>\n<li>Menu d\u00e9gustation dans notre restaurant El Torre\u00f3n pour deux personnes<\/li>\n<\/ul>\n<p id=\"preciob\" class=\"montserratsemibold\">Prix pour deux personnes : 540 \u20ac <span id=\"iva\">(TVA incluse)<\/span><\/p>\n<p id=\"validez\">La validit\u00e9 du bon est d&rsquo;un an \u00e0 compter de la date d&rsquo;achat.<\/p>\n<\/div>\n<\/div>\n<\/div><p class=\"hidden\"><input type=\"text\" name=\"avia_10_1\" class=\"hidden \" id=\"avia_10_1\" value=\"\" \/><\/p><div id='avia_11_1' class='av-recaptcha-area  first_form  form_element form_fullwidth av-last-visible-form-element '  data-container_class=\"\" data-custom_class=\"\" data-context=\"av_contact_form\" data-token_input=\"av_recaptcha_token\" data-version=\"avia_recaptcha_v2\" data-theme=\"light\" data-size=\"normal\" data-score=\"0.5\" data-text_to_preview=\"\" data-value=\"\"><div class=\"av-google-badge-message hidden\">Ce site est prot\u00e9g\u00e9 par reCAPTCHA et la <a href=\"https:\/\/policies.google.com\/privacy\">politique de confidentialit\u00e9<\/a> de Google et <a href=\"https:\/\/policies.google.com\/terms\">leur conditions d\u2019utilisation<\/a> s\u2019appliquent.<\/div><\/div><p class=' av_form_privacy_check av_contact_privacy_check first_form  form_element form_fullwidth' id='element_avia_12_1'><input  name=\"avia_12_1\" class=\"input_checkbox is_empty\" type=\"checkbox\" id=\"avia_12_1\" value=\"true\"\/><label class=\"input_checkbox_label\" for=\"avia_12_1\">J'ai lu et j'accepte la <a href=\"https:\/\/www.monteigueldo.com\/aviso-legal-politica-de-privacidad-cookies\/\" target=\"_blank\" rel=\"noopener\">politique de confidentialit\u00e9<\/a> <abbr class=\"required\" title=\"requis(e)\">*<\/abbr><\/label><\/p><p class=\"form_element \"><input type=\"hidden\" value=\"1\" name=\"avia_generated_form1\" \/><input type=\"submit\" value=\"ENVOYER\" class=\"button\"  data-sending-label=\"Envoi\"\/><\/p><\/fieldset><div class=\"avia-disabled-form\">Ce formulaire est d\u00e9sactiv\u00e9 dans la mesure o\u00f9 vous refusez d\u2019accepter le service Google reCAPTCHA n\u00e9cessaire pour valider toute exp\u00e9dition de message depuis celui-ci.<\/div><\/form><div id=\"ajaxresponse_1\" class=\"ajaxresponse ajaxresponse_1 hidden\"><\/div>\n\n<style type=\"text\/css\" data-created_by=\"avia_inline_auto\" id=\"style-css-av-383ul6-13beee434331caadede3975bebc0698a\">\n#top .hr.hr-invisible.av-383ul6-13beee434331caadede3975bebc0698a{\nheight:60px;\n}\n<\/style>\n<div  class='hr av-383ul6-13beee434331caadede3975bebc0698a hr-invisible  avia-builder-el-13  el_after_av_contact  avia-builder-el-last '><span class='hr-inner '><span class=\"hr-inner-style\"><\/span><\/span><\/div>\n<div  class='av-hotspot-image-container av-l0oreoni-7a484d3e5e4b96bb2a9a5102ac0764f9  avia-builder-el-14  el_after_av_section  avia-builder-el-last  bordeinferiordoradoescapadas av-hotspot-numbered  av-non-fullwidth-hotspot-image'  itemprop=\"image\" itemscope=\"itemscope\" itemtype=\"https:\/\/schema.org\/ImageObject\" ><div class='av-hotspot-container'><div class='av-hotspot-container-inner-cell'><div class='av-hotspot-container-inner-wrap'><img class='wp-image-12931 avia-img-lazy-loading-not-12931 avia_image' src=\"https:\/\/www.monteigueldo.com\/wp-content\/uploads\/2022\/03\/borde-dorado-degradado_1920x12.png\" alt='' title='borde-dorado-degradado_1920x12'  height=\"12\" width=\"1920\"  itemprop=\"thumbnailUrl\" srcset=\"https:\/\/www.monteigueldo.com\/wp-content\/uploads\/2022\/03\/borde-dorado-degradado_1920x12.png 1920w, https:\/\/www.monteigueldo.com\/wp-content\/uploads\/2022\/03\/borde-dorado-degradado_1920x12-300x2.png 300w, https:\/\/www.monteigueldo.com\/wp-content\/uploads\/2022\/03\/borde-dorado-degradado_1920x12-1030x6.png 1030w, https:\/\/www.monteigueldo.com\/wp-content\/uploads\/2022\/03\/borde-dorado-degradado_1920x12-768x5.png 768w, https:\/\/www.monteigueldo.com\/wp-content\/uploads\/2022\/03\/borde-dorado-degradado_1920x12-1536x10.png 1536w, https:\/\/www.monteigueldo.com\/wp-content\/uploads\/2022\/03\/borde-dorado-degradado_1920x12-1500x9.png 1500w, https:\/\/www.monteigueldo.com\/wp-content\/uploads\/2022\/03\/borde-dorado-degradado_1920x12-705x4.png 705w\" sizes=\"(max-width: 1920px) 100vw, 1920px\" \/><\/div><\/div><\/div><\/div><\/p>\n","protected":false},"excerpt":{"rendered":"<p>Ceci est un extrait de page. Il sera montr\u00e9 pour r\u00e9sultats de recherche<\/p>\n","protected":false},"author":1,"featured_media":0,"parent":0,"menu_order":0,"comment_status":"closed","ping_status":"closed","template":"","meta":[],"_links":{"self":[{"href":"https:\/\/www.monteigueldo.com\/fr\/wp-json\/wp\/v2\/pages\/13192"}],"collection":[{"href":"https:\/\/www.monteigueldo.com\/fr\/wp-json\/wp\/v2\/pages"}],"about":[{"href":"https:\/\/www.monteigueldo.com\/fr\/wp-json\/wp\/v2\/types\/page"}],"author":[{"embeddable":true,"href":"https:\/\/www.monteigueldo.com\/fr\/wp-json\/wp\/v2\/users\/1"}],"replies":[{"embeddable":true,"href":"https:\/\/www.monteigueldo.com\/fr\/wp-json\/wp\/v2\/comments?post=13192"}],"version-history":[{"count":31,"href":"https:\/\/www.monteigueldo.com\/fr\/wp-json\/wp\/v2\/pages\/13192\/revisions"}],"predecessor-version":[{"id":15421,"href":"https:\/\/www.monteigueldo.com\/fr\/wp-json\/wp\/v2\/pages\/13192\/revisions\/15421"}],"wp:attachment":[{"href":"https:\/\/www.monteigueldo.com\/fr\/wp-json\/wp\/v2\/media?parent=13192"}],"curies":[{"name":"wp","href":"https:\/\/api.w.org\/{rel}","templated":true}]}}